{"id":221,"date":"2017-01-04T14:38:46","date_gmt":"2017-01-04T13:38:46","guid":{"rendered":"http:\/\/www.compendiumhr.pl\/?page_id=221"},"modified":"2018-09-27T22:57:12","modified_gmt":"2018-09-27T20:57:12","slug":"performance-management","status":"publish","type":"page","link":"https:\/\/www.compendiumhr.pl\/index.php\/oferta\/performance-management\/","title":{"rendered":"Performance Management"},"content":{"rendered":"<p style=\"text-align: justify;\">Performance Management w najprostszym rozumieniu oznacza taki spos\u00f3b organizacji pracy oraz traktowania pracownik\u00f3w, by oni sami chcieli robi\u0107 to, co jest od nich oczekiwane. Jakkolwiek mo\u017ce si\u0119 wydawa\u0107 to nieprawdopodobne, to jest to ca\u0142kowicie mo\u017cliwe. Brak efektywno\u015bci dzia\u0142ania wynika z prostej przyczyny: niewielu prze\u0142o\u017conych korzysta z metodycznych, naukowo udowodnionych metod zarz\u0105dzania. Zazwyczaj stosuj\u0105 takie, kt\u00f3re im si\u0119 podobaj\u0105 i s\u0105 zgodne z ich \u015bwiatopogl\u0105dem a nie te, kt\u00f3re faktycznie przynosz\u0105 rezultaty. Je\u015bli nawet ich metoda przynosi zamierzony efekt, to na pytanie jak to dzia\u0142a nie s\u0105 w stanie odpowiedzie\u0107. Zazwyczaj nie wiedz\u0105 i nie rozumiej\u0105 dlaczego dana metoda dzia\u0142a albo dlaczego czasami nie dzia\u0142a.<\/p>\n<p style=\"text-align: justify;\">Performance Management jest wynikiem ponad 80 lat bada\u0144 na ludzkim zachowaniem. Podstaw\u0105 tego podej\u015bcia jest dziedzina okre\u015blana mianem Analiza Zachowania. Wdra\u017canie tej wiedzy naukowej w \u015brodowisku pracy nazywana jest Performance Management (Zarz\u0105dzanie Efektywno\u015bci\u0105 Pracownik\u00f3w). Je\u015bli mened\u017cerowie raz zrozumiej\u0105 jakimi zasadami kieruje si\u0119 Performance Management, to b\u0119d\u0105 mogli tworzy\u0107 w\u0142a\u015bciwe \u015brodowisko i warunki pozwalaj\u0105ce na uzyskanie od pracownik\u00f3w pe\u0142nego zaanga\u017cowania w ka\u017cdym momencie.<\/p>\n<p style=\"text-align: justify;\">Performance Management nie jest jednorazowym rozwi\u0105zaniem pozwalaj\u0105cym na rozwi\u0105zanie pojedynczego problemu. Wr\u0119cz przeciwnie. Performance Management dostarcza precyzyjnego sposobu na analizowanie pracy oraz implementacj\u0119 systemu zarz\u0105dzania, kt\u00f3ry jest nie tylko adresowany do sytuacji problemowych zwi\u0105zanych z efektywno\u015bci\u0105 pracy, ale prowadzi do praktycznych zastosowa\u0144 pozwalaj\u0105cych na maksymalizacj\u0119 efektywno\u015bci w ka\u017cdym aspekcie dzia\u0142alno\u015bci danego przedsi\u0119biorstwa.<\/p>\n<p style=\"text-align: justify;\">Performance Management jest precyzyjnym, opartym na danych i faktach podej\u015bciem. Stosowanie tego rozwi\u0105zania mo\u017ce by\u0107 replikowane w tych samych lub podobnych warunkach a nawet mo\u017ce by\u0107 rozszerzane na nowe warunki przynosz\u0105c podobne wyniki.<\/p>\n<p style=\"text-align: justify;\">Przedsi\u0119biorstwa zatrudniaj\u0105 pracownik\u00f3w, poniewa\u017c potrzebuj\u0105 ludzi do tego, by wykonali w\u0142a\u015bnie to, czym zajmuje si\u0119 firma. Zachowanie pracownik\u00f3w jest cz\u0119sto tak naprawd\u0119 jedynym sposobem, by zrealizowa\u0107 okre\u015blone zadanie. Je\u015bli prze\u0142o\u017ceni nie znaj\u0105 i rozumiej\u0105 praw zwi\u0105zanych z zarz\u0105dzaniem zachowaniami, to nie b\u0119d\u0105 w stanie realizowa\u0107 cel\u00f3w organizacyjnych.<\/p>\n<p style=\"text-align: justify;\">W ramach naszej oferty proponujemy zar\u00f3wno szkolenia zwi\u0105zane ze stosowaniem Performance Management w praktyce zarz\u0105dzania jak r\u00f3wnie\u017c pomagamy we wdro\u017ceniu zwi\u0105zanych z tym podej\u015bciem regu\u0142 i zasad w postaci konkretnych dzia\u0142a\u0144 organizacyjnych.<\/p>\n<p style=\"text-align: justify;\">Kontakt z nami &gt;&gt; <a href=\"https:\/\/www.compendiumhr.pl\/index.php\/kontakt\/\">Kliknij tutaj<\/a> &lt;&lt;<\/p>\n","protected":false},"excerpt":{"rendered":"<p>Performance Management w najprostszym rozumieniu oznacza taki spos\u00f3b organizacji pracy oraz traktowania pracownik\u00f3w, by oni sami chcieli robi\u0107 to, co jest od nich oczekiwane. Jakkolwiek mo\u017ce si\u0119 wydawa\u0107 to nieprawdopodobne, to jest to ca\u0142kowicie mo\u017cliwe. Brak efektywno\u015bci dzia\u0142ania wynika z prostej przyczyny: niewielu prze\u0142o\u017conych korzysta z metodycznych, naukowo udowodnionych metod&#8230;<\/p>\n","protected":false},"author":1,"featured_media":0,"parent":2,"menu_order":0,"comment_status":"closed","ping_status":"closed","template":"","meta":{"rop_custom_images_group":[],"rop_custom_messages_group":[],"rop_publish_now":"initial","rop_publish_now_accounts":[],"rop_publish_now_history":[],"rop_publish_now_status":"pending","_mi_skip_tracking":false,"footnotes":""},"class_list":["post-221","page","type-page","status-publish","hentry"],"yoast_head":"<!-- This site is optimized with the Yoast SEO plugin v20.3 - https:\/\/yoast.com\/wordpress\/plugins\/seo\/ -->\n<title>Performance Management - droga do sukcesu przedsi\u0119biorstwa<\/title>\n<meta name=\"description\" content=\"Performance Management jest precyzyjnym, opartym na danych i faktach podej\u015bciem. Pozwala na pe\u0142ne wykorzystanie potencja\u0142u pracowniczego.\" \/>\n<meta name=\"robots\" content=\"index, follow, max-snippet:-1, max-image-preview:large, max-video-preview:-1\" \/>\n<link rel=\"canonical\" href=\"https:\/\/www.compendiumhr.pl\/index.php\/oferta\/performance-management\/\" \/>\n<meta property=\"og:locale\" content=\"pl_PL\" \/>\n<meta property=\"og:type\" content=\"article\" \/>\n<meta property=\"og:title\" content=\"Performance Management - droga do sukcesu przedsi\u0119biorstwa\" \/>\n<meta property=\"og:description\" content=\"Performance Management jest precyzyjnym, opartym na danych i faktach podej\u015bciem. Pozwala na pe\u0142ne wykorzystanie potencja\u0142u pracowniczego.\" \/>\n<meta property=\"og:url\" content=\"https:\/\/www.compendiumhr.pl\/index.php\/oferta\/performance-management\/\" \/>\n<meta property=\"og:site_name\" content=\"Performance Management | compendium HR | zarz\u0105dzanie zasobami ludzkimi\" \/>\n<meta property=\"article:modified_time\" content=\"2018-09-27T20:57:12+00:00\" \/>\n<meta name=\"twitter:card\" content=\"summary_large_image\" \/>\n<meta name=\"twitter:label1\" content=\"Szacowany czas czytania\" \/>\n\t<meta name=\"twitter:data1\" content=\"2 minuty\" \/>\n<script type=\"application\/ld+json\" class=\"yoast-schema-graph\">{\"@context\":\"https:\/\/schema.org\",\"@graph\":[{\"@type\":\"WebPage\",\"@id\":\"https:\/\/www.compendiumhr.pl\/index.php\/oferta\/performance-management\/\",\"url\":\"https:\/\/www.compendiumhr.pl\/index.php\/oferta\/performance-management\/\",\"name\":\"Performance Management - droga do sukcesu przedsi\u0119biorstwa\",\"isPartOf\":{\"@id\":\"https:\/\/www.compendiumhr.pl\/#website\"},\"datePublished\":\"2017-01-04T13:38:46+00:00\",\"dateModified\":\"2018-09-27T20:57:12+00:00\",\"description\":\"Performance Management jest precyzyjnym, opartym na danych i faktach podej\u015bciem. Pozwala na pe\u0142ne wykorzystanie potencja\u0142u pracowniczego.\",\"breadcrumb\":{\"@id\":\"https:\/\/www.compendiumhr.pl\/index.php\/oferta\/performance-management\/#breadcrumb\"},\"inLanguage\":\"pl-PL\",\"potentialAction\":[{\"@type\":\"ReadAction\",\"target\":[\"https:\/\/www.compendiumhr.pl\/index.php\/oferta\/performance-management\/\"]}]},{\"@type\":\"BreadcrumbList\",\"@id\":\"https:\/\/www.compendiumhr.pl\/index.php\/oferta\/performance-management\/#breadcrumb\",\"itemListElement\":[{\"@type\":\"ListItem\",\"position\":1,\"name\":\"Strona g\u0142\u00f3wna\",\"item\":\"https:\/\/www.compendiumhr.pl\/\"},{\"@type\":\"ListItem\",\"position\":2,\"name\":\"Oferta\",\"item\":\"https:\/\/www.compendiumhr.pl\/index.php\/oferta\/\"},{\"@type\":\"ListItem\",\"position\":3,\"name\":\"Performance Management\"}]},{\"@type\":\"WebSite\",\"@id\":\"https:\/\/www.compendiumhr.pl\/#website\",\"url\":\"https:\/\/www.compendiumhr.pl\/\",\"name\":\"Performance Management | compendium HR | zarz\u0105dzanie zasobami ludzkimi\",\"description\":\"Performance Management | Zarz\u0105dzanie Efektywno\u015bci\u0105 to nasze kluczowe kompetencje.\",\"potentialAction\":[{\"@type\":\"SearchAction\",\"target\":{\"@type\":\"EntryPoint\",\"urlTemplate\":\"https:\/\/www.compendiumhr.pl\/?s={search_term_string}\"},\"query-input\":\"required name=search_term_string\"}],\"inLanguage\":\"pl-PL\"}]}<\/script>\n<!-- \/ Yoast SEO plugin. -->","yoast_head_json":{"title":"Performance Management - droga do sukcesu przedsi\u0119biorstwa","description":"Performance Management jest precyzyjnym, opartym na danych i faktach podej\u015bciem. Pozwala na pe\u0142ne wykorzystanie potencja\u0142u pracowniczego.","robots":{"index":"index","follow":"follow","max-snippet":"max-snippet:-1","max-image-preview":"max-image-preview:large","max-video-preview":"max-video-preview:-1"},"canonical":"https:\/\/www.compendiumhr.pl\/index.php\/oferta\/performance-management\/","og_locale":"pl_PL","og_type":"article","og_title":"Performance Management - droga do sukcesu przedsi\u0119biorstwa","og_description":"Performance Management jest precyzyjnym, opartym na danych i faktach podej\u015bciem. Pozwala na pe\u0142ne wykorzystanie potencja\u0142u pracowniczego.","og_url":"https:\/\/www.compendiumhr.pl\/index.php\/oferta\/performance-management\/","og_site_name":"Performance Management | compendium HR | zarz\u0105dzanie zasobami ludzkimi","article_modified_time":"2018-09-27T20:57:12+00:00","twitter_card":"summary_large_image","twitter_misc":{"Szacowany czas czytania":"2 minuty"},"schema":{"@context":"https:\/\/schema.org","@graph":[{"@type":"WebPage","@id":"https:\/\/www.compendiumhr.pl\/index.php\/oferta\/performance-management\/","url":"https:\/\/www.compendiumhr.pl\/index.php\/oferta\/performance-management\/","name":"Performance Management - droga do sukcesu przedsi\u0119biorstwa","isPartOf":{"@id":"https:\/\/www.compendiumhr.pl\/#website"},"datePublished":"2017-01-04T13:38:46+00:00","dateModified":"2018-09-27T20:57:12+00:00","description":"Performance Management jest precyzyjnym, opartym na danych i faktach podej\u015bciem. Pozwala na pe\u0142ne wykorzystanie potencja\u0142u pracowniczego.","breadcrumb":{"@id":"https:\/\/www.compendiumhr.pl\/index.php\/oferta\/performance-management\/#breadcrumb"},"inLanguage":"pl-PL","potentialAction":[{"@type":"ReadAction","target":["https:\/\/www.compendiumhr.pl\/index.php\/oferta\/performance-management\/"]}]},{"@type":"BreadcrumbList","@id":"https:\/\/www.compendiumhr.pl\/index.php\/oferta\/performance-management\/#breadcrumb","itemListElement":[{"@type":"ListItem","position":1,"name":"Strona g\u0142\u00f3wna","item":"https:\/\/www.compendiumhr.pl\/"},{"@type":"ListItem","position":2,"name":"Oferta","item":"https:\/\/www.compendiumhr.pl\/index.php\/oferta\/"},{"@type":"ListItem","position":3,"name":"Performance Management"}]},{"@type":"WebSite","@id":"https:\/\/www.compendiumhr.pl\/#website","url":"https:\/\/www.compendiumhr.pl\/","name":"Performance Management | compendium HR | zarz\u0105dzanie zasobami ludzkimi","description":"Performance Management | Zarz\u0105dzanie Efektywno\u015bci\u0105 to nasze kluczowe kompetencje.","potentialAction":[{"@type":"SearchAction","target":{"@type":"EntryPoint","urlTemplate":"https:\/\/www.compendiumhr.pl\/?s={search_term_string}"},"query-input":"required name=search_term_string"}],"inLanguage":"pl-PL"}]}},"_links":{"self":[{"href":"https:\/\/www.compendiumhr.pl\/index.php\/wp-json\/wp\/v2\/pages\/221","targetHints":{"allow":["GET"]}}],"collection":[{"href":"https:\/\/www.compendiumhr.pl\/index.php\/wp-json\/wp\/v2\/pages"}],"about":[{"href":"https:\/\/www.compendiumhr.pl\/index.php\/wp-json\/wp\/v2\/types\/page"}],"author":[{"embeddable":true,"href":"https:\/\/www.compendiumhr.pl\/index.php\/wp-json\/wp\/v2\/users\/1"}],"replies":[{"embeddable":true,"href":"https:\/\/www.compendiumhr.pl\/index.php\/wp-json\/wp\/v2\/comments?post=221"}],"version-history":[{"count":5,"href":"https:\/\/www.compendiumhr.pl\/index.php\/wp-json\/wp\/v2\/pages\/221\/revisions"}],"predecessor-version":[{"id":315,"href":"https:\/\/www.compendiumhr.pl\/index.php\/wp-json\/wp\/v2\/pages\/221\/revisions\/315"}],"up":[{"embeddable":true,"href":"https:\/\/www.compendiumhr.pl\/index.php\/wp-json\/wp\/v2\/pages\/2"}],"wp:attachment":[{"href":"https:\/\/www.compendiumhr.pl\/index.php\/wp-json\/wp\/v2\/media?parent=221"}],"curies":[{"name":"wp","href":"https:\/\/api.w.org\/{rel}","templated":true}]}}